{"id":104,"date":"2021-06-11T21:00:59","date_gmt":"2021-06-12T00:00:59","guid":{"rendered":"http:\/\/cbrac.com.br\/?page_id=104"},"modified":"2021-06-12T14:37:39","modified_gmt":"2021-06-12T17:37:39","slug":"arbitragem-trabalhista","status":"publish","type":"page","link":"https:\/\/cbrac.com.br\/index.php\/arbitragem-trabalhista\/","title":{"rendered":"Arbitragem Trabalhista"},"content":{"rendered":"<p>[et_pb_section fb_built=&#8221;1&#8243; fullwidth=&#8221;on&#8221; _builder_version=&#8221;4.9.6&#8243; _module_preset=&#8221;default&#8221;][et_pb_fullwidth_header title=&#8221;ARBITRAGEM TRABALHISTA&#8221; text_orientation=&#8221;center&#8221; background_overlay_color=&#8221;rgba(0,0,0,0.68)&#8221; _builder_version=&#8221;4.9.6&#8243; _module_preset=&#8221;default&#8221; title_font_size=&#8221;35px&#8221; title_letter_spacing=&#8221;2px&#8221; background_enable_color=&#8221;off&#8221; background_image=&#8221;http:\/\/cbrac.com.br\/wp-content\/uploads\/2021\/06\/arbitragem-trabalhista-img-scaled.jpg&#8221; custom_padding=&#8221;145px||138px|||&#8221; hover_enabled=&#8221;0&#8243; title_text_shadow_style=&#8221;preset1&#8243; title_text_shadow_color=&#8221;#000000&#8243; text_shadow_style=&#8221;preset5&#8243; global_colors_info=&#8221;{%22gcid-4da990d2-3943-4551-bd67-4b5c26049c51%22:%91%93}&#8221; sticky_enabled=&#8221;0&#8243;][\/et_pb_fullwidth_header][\/et_pb_section][et_pb_section fb_built=&#8221;1&#8243; _builder_version=&#8221;4.9.6&#8243; _module_preset=&#8221;default&#8221; custom_padding=&#8221;41px|||||&#8221;][et_pb_row _builder_version=&#8221;4.9.6&#8243; _module_preset=&#8221;default&#8221;][et_pb_column type=&#8221;4_4&#8243; _builder_version=&#8221;4.9.6&#8243; _module_preset=&#8221;default&#8221;][et_pb_text _builder_version=&#8221;4.9.6&#8243; _module_preset=&#8221;default&#8221; text_font_size=&#8221;18px&#8221; text_line_height=&#8221;1.5em&#8221;]<\/p>\n<p><span style=\"font-weight: 400;\">Com a edi\u00e7\u00e3o da Lei n\u00ba 13.467\/2017, a legisla\u00e7\u00e3o trabalhista passou a prever expressamente a possibilidade de utiliza\u00e7\u00e3o de mecanismos extrajudiciais para <strong>resolu\u00e7\u00e3o de disputas trabalhistas<\/strong>, entre os quais a concilia\u00e7\u00e3o, a media\u00e7\u00e3o e a arbitragem.<\/span><\/p>\n<p><span style=\"font-weight: 400;\">A cl\u00e1usula compromiss\u00f3ria, de acordo com o artigo 507-A da CLT, apenas \u00e9 vinculante quando o empregado tenha remunera\u00e7\u00e3o superior a duas vezes o teto do RGPS. Mas <strong>nada impede que o empregador e o empregado<\/strong>, ap\u00f3s a extin\u00e7\u00e3o do contrato de trabalho, <strong>utilizem a media\u00e7\u00e3o<\/strong>, a concilia\u00e7\u00e3o ou a arbitragem para resolver ou prevenir uma disputa, uma vez que deixa de existir a\u00ed a subordina\u00e7\u00e3o inerente \u00e0 rela\u00e7\u00e3o de emprego.<\/span><\/p>\n<p><span style=\"font-weight: 400;\">As principais vantagens para o empregador e para o empregado s\u00e3o a <strong>economicidade e a agilidade<\/strong> do procedimento, permitindo que o empregado tenha <strong>acesso r\u00e1pido a verbas<\/strong> a ele devidas, com a prote\u00e7\u00e3o da imagem dos envolvidos em raz\u00e3o da confidencialidade imposta ao \u00c1rbitro.<\/span><\/p>\n<p>[\/et_pb_text][\/et_pb_column][\/et_pb_row][\/et_pb_section]<\/p>\n","protected":false},"excerpt":{"rendered":"<p>[et_pb_section fb_built=&#8221;1&#8243; fullwidth=&#8221;on&#8221; _builder_version=&#8221;4.9.6&#8243; _module_preset=&#8221;default&#8221;][et_pb_fullwidth_header title=&#8221;ARBITRAGEM TRABALHISTA&#8221; text_orientation=&#8221;center&#8221; background_overlay_color=&#8221;rgba(0,0,0,0.68)&#8221; _builder_version=&#8221;4.9.6&#8243; _module_preset=&#8221;default&#8221; title_font_size=&#8221;35px&#8221; title_letter_spacing=&#8221;2px&#8221; background_enable_color=&#8221;off&#8221; background_image=&#8221;http:\/\/cbrac.com.br\/wp-content\/uploads\/2021\/06\/arbitragem-trabalhista-img-scaled.jpg&#8221; custom_padding=&#8221;145px||138px|||&#8221; hover_enabled=&#8221;0&#8243; title_text_shadow_style=&#8221;preset1&#8243; title_text_shadow_color=&#8221;#000000&#8243; text_shadow_style=&#8221;preset5&#8243; global_colors_info=&#8221;{%22gcid-4da990d2-3943-4551-bd67-4b5c26049c51%22:%91%93}&#8221; sticky_enabled=&#8221;0&#8243;][\/et_pb_fullwidth_header][\/et_pb_section][et_pb_section fb_built=&#8221;1&#8243; _builder_version=&#8221;4.9.6&#8243; _module_preset=&#8221;default&#8221; custom_padding=&#8221;41px|||||&#8221;][et_pb_row _builder_version=&#8221;4.9.6&#8243; _module_preset=&#8221;default&#8221;][et_pb_column type=&#8221;4_4&#8243; _builder_version=&#8221;4.9.6&#8243; _module_preset=&#8221;default&#8221;][et_pb_text _builder_version=&#8221;4.9.6&#8243; _module_preset=&#8221;default&#8221; text_font_size=&#8221;18px&#8221; text_line_height=&#8221;1.5em&#8221;] Com a edi\u00e7\u00e3o da Lei n\u00ba 13.467\/2017, a legisla\u00e7\u00e3o trabalhista passou a prever expressamente a possibilidade de utiliza\u00e7\u00e3o de mecanismos [&hellip;]<\/p>\n","protected":false},"author":1,"featured_media":0,"parent":0,"menu_order":0,"comment_status":"closed","ping_status":"closed","template":"","meta":{"_et_pb_use_builder":"on","_et_pb_old_content":"","_et_gb_content_width":"","om_disable_all_campaigns":false,"_monsterinsights_skip_tracking":false,"_monsterinsights_sitenote_active":false,"_monsterinsights_sitenote_note":"","_monsterinsights_sitenote_category":0,"footnotes":""},"class_list":["post-104","page","type-page","status-publish","hentry"],"_links":{"self":[{"href":"https:\/\/cbrac.com.br\/index.php\/wp-json\/wp\/v2\/pages\/104"}],"collection":[{"href":"https:\/\/cbrac.com.br\/index.php\/wp-json\/wp\/v2\/pages"}],"about":[{"href":"https:\/\/cbrac.com.br\/index.php\/wp-json\/wp\/v2\/types\/page"}],"author":[{"embeddable":true,"href":"https:\/\/cbrac.com.br\/index.php\/wp-json\/wp\/v2\/users\/1"}],"replies":[{"embeddable":true,"href":"https:\/\/cbrac.com.br\/index.php\/wp-json\/wp\/v2\/comments?post=104"}],"version-history":[{"count":4,"href":"https:\/\/cbrac.com.br\/index.php\/wp-json\/wp\/v2\/pages\/104\/revisions"}],"predecessor-version":[{"id":190,"href":"https:\/\/cbrac.com.br\/index.php\/wp-json\/wp\/v2\/pages\/104\/revisions\/190"}],"wp:attachment":[{"href":"https:\/\/cbrac.com.br\/index.php\/wp-json\/wp\/v2\/media?parent=104"}],"curies":[{"name":"wp","href":"https:\/\/api.w.org\/{rel}","templated":true}]}}