{"id":111,"date":"2021-06-11T21:08:45","date_gmt":"2021-06-12T00:08:45","guid":{"rendered":"http:\/\/cbrac.com.br\/?page_id=111"},"modified":"2021-06-11T21:16:44","modified_gmt":"2021-06-12T00:16:44","slug":"mediacao-online","status":"publish","type":"page","link":"https:\/\/cbrac.com.br\/index.php\/mediacao-online\/","title":{"rendered":"Media\u00e7\u00e3o Online"},"content":{"rendered":"<p>[et_pb_section fb_built=&#8221;1&#8243; fullwidth=&#8221;on&#8221; _builder_version=&#8221;4.9.6&#8243; _module_preset=&#8221;default&#8221;][et_pb_fullwidth_header title=&#8221;Media\u00e7\u00e3o Online&#8221; text_orientation=&#8221;center&#8221; background_overlay_color=&#8221;rgba(0,0,0,0.68)&#8221; _builder_version=&#8221;4.9.6&#8243; _module_preset=&#8221;default&#8221; title_font_size=&#8221;35px&#8221; title_letter_spacing=&#8221;2px&#8221; background_enable_color=&#8221;off&#8221; background_image=&#8221;http:\/\/cbrac.com.br\/wp-content\/uploads\/2021\/06\/mediacao-online-img.jpg&#8221; custom_padding=&#8221;145px||138px|||&#8221; hover_enabled=&#8221;0&#8243; title_text_shadow_style=&#8221;preset1&#8243; title_text_shadow_color=&#8221;#000000&#8243; text_shadow_style=&#8221;preset5&#8243; global_colors_info=&#8221;{%22gcid-4da990d2-3943-4551-bd67-4b5c26049c51%22:%91%93}&#8221; sticky_enabled=&#8221;0&#8243; title_text=&#8221;media\u00e7\u00e3o online img&#8221;][\/et_pb_fullwidth_header][\/et_pb_section][et_pb_section fb_built=&#8221;1&#8243; _builder_version=&#8221;4.9.6&#8243; _module_preset=&#8221;default&#8221; custom_padding=&#8221;41px|||||&#8221;][et_pb_row _builder_version=&#8221;4.9.6&#8243; _module_preset=&#8221;default&#8221;][et_pb_column type=&#8221;4_4&#8243; _builder_version=&#8221;4.9.6&#8243; _module_preset=&#8221;default&#8221;][et_pb_text _builder_version=&#8221;4.9.6&#8243; _module_preset=&#8221;default&#8221; text_font_size=&#8221;18px&#8221; text_line_height=&#8221;1.5em&#8221; hover_enabled=&#8221;0&#8243; sticky_enabled=&#8221;0&#8243;]<\/p>\n<p><span style=\"font-weight: 400;\">Os conflitos, que surgem naturalmente em todo tipo de rela\u00e7\u00e3o, e que aconteciam basicamente face a face, t\u00eam sido transpostos cada vez mais para o ambiente virtual, em raz\u00e3o do <strong>desenvolvimento da internet<\/strong> e do e-commerce.<\/span><\/p>\n<p><span style=\"font-weight: 400;\">O que se percebeu, durante a pandemia, causada pelo Covid-19, \u00e9 que nenhum modelo tradicional de resolu\u00e7\u00e3o de conflitos existente at\u00e9 ent\u00e3o seria capaz de dar tratamento adequado para as disputas decorrentes do volume imenso de transa\u00e7\u00f5es que envolvem as rela\u00e7\u00f5es com\u00e9rcio eletr\u00f4nico.<\/span><\/p>\n<p><span style=\"font-weight: 400;\">Mais que isso, compreendeu-se tamb\u00e9m que a <strong>resolu\u00e7\u00e3o r\u00e1pida<\/strong> dessas disputas seria estrat\u00e9gica para a preserva\u00e7\u00e3o da rela\u00e7\u00e3o com os consumidores e melhorar o posicionamento da empresa no mercado.<\/span><\/p>\n<p><span style=\"font-weight: 400;\">Dessa forma, por meio de sua plataforma eletr\u00f4nica, a<strong> C\u00c2MARA CNR<\/strong> possibilita que a empresa e o consumidor resolvam eventuais disputas por meio de <strong>negocia\u00e7\u00e3o e media\u00e7\u00e3o online<\/strong>, de forma muito mais eficiente e econ\u00f4mica para todos os envolvidos.<\/span><\/p>\n<p>[\/et_pb_text][\/et_pb_column][\/et_pb_row][\/et_pb_section]<\/p>\n","protected":false},"excerpt":{"rendered":"<p>[et_pb_section fb_built=&#8221;1&#8243; fullwidth=&#8221;on&#8221; _builder_version=&#8221;4.9.6&#8243; _module_preset=&#8221;default&#8221;][et_pb_fullwidth_header title=&#8221;Media\u00e7\u00e3o Online&#8221; text_orientation=&#8221;center&#8221; background_overlay_color=&#8221;rgba(0,0,0,0.68)&#8221; _builder_version=&#8221;4.9.6&#8243; _module_preset=&#8221;default&#8221; title_font_size=&#8221;35px&#8221; title_letter_spacing=&#8221;2px&#8221; background_enable_color=&#8221;off&#8221; background_image=&#8221;http:\/\/cbrac.com.br\/wp-content\/uploads\/2021\/06\/mediacao-online-img.jpg&#8221; custom_padding=&#8221;145px||138px|||&#8221; hover_enabled=&#8221;0&#8243; title_text_shadow_style=&#8221;preset1&#8243; title_text_shadow_color=&#8221;#000000&#8243; text_shadow_style=&#8221;preset5&#8243; global_colors_info=&#8221;{%22gcid-4da990d2-3943-4551-bd67-4b5c26049c51%22:%91%93}&#8221; sticky_enabled=&#8221;0&#8243; title_text=&#8221;media\u00e7\u00e3o online img&#8221;][\/et_pb_fullwidth_header][\/et_pb_section][et_pb_section fb_built=&#8221;1&#8243; _builder_version=&#8221;4.9.6&#8243; _module_preset=&#8221;default&#8221; custom_padding=&#8221;41px|||||&#8221;][et_pb_row _builder_version=&#8221;4.9.6&#8243; _module_preset=&#8221;default&#8221;][et_pb_column type=&#8221;4_4&#8243; _builder_version=&#8221;4.9.6&#8243; _module_preset=&#8221;default&#8221;][et_pb_text _builder_version=&#8221;4.9.6&#8243; _module_preset=&#8221;default&#8221; text_font_size=&#8221;18px&#8221; text_line_height=&#8221;1.5em&#8221; hover_enabled=&#8221;0&#8243; sticky_enabled=&#8221;0&#8243;] Os conflitos, que surgem naturalmente em todo tipo de rela\u00e7\u00e3o, e que aconteciam basicamente face [&hellip;]<\/p>\n","protected":false},"author":1,"featured_media":0,"parent":0,"menu_order":0,"comment_status":"closed","ping_status":"closed","template":"","meta":{"_et_pb_use_builder":"on","_et_pb_old_content":"","_et_gb_content_width":"","om_disable_all_campaigns":false,"_monsterinsights_skip_tracking":false,"_monsterinsights_sitenote_active":false,"_monsterinsights_sitenote_note":"","_monsterinsights_sitenote_category":0,"footnotes":""},"class_list":["post-111","page","type-page","status-publish","hentry"],"_links":{"self":[{"href":"https:\/\/cbrac.com.br\/index.php\/wp-json\/wp\/v2\/pages\/111"}],"collection":[{"href":"https:\/\/cbrac.com.br\/index.php\/wp-json\/wp\/v2\/pages"}],"about":[{"href":"https:\/\/cbrac.com.br\/index.php\/wp-json\/wp\/v2\/types\/page"}],"author":[{"embeddable":true,"href":"https:\/\/cbrac.com.br\/index.php\/wp-json\/wp\/v2\/users\/1"}],"replies":[{"embeddable":true,"href":"https:\/\/cbrac.com.br\/index.php\/wp-json\/wp\/v2\/comments?post=111"}],"version-history":[{"count":4,"href":"https:\/\/cbrac.com.br\/index.php\/wp-json\/wp\/v2\/pages\/111\/revisions"}],"predecessor-version":[{"id":117,"href":"https:\/\/cbrac.com.br\/index.php\/wp-json\/wp\/v2\/pages\/111\/revisions\/117"}],"wp:attachment":[{"href":"https:\/\/cbrac.com.br\/index.php\/wp-json\/wp\/v2\/media?parent=111"}],"curies":[{"name":"wp","href":"https:\/\/api.w.org\/{rel}","templated":true}]}}