{"id":76,"date":"2021-06-11T20:31:00","date_gmt":"2021-06-11T23:31:00","guid":{"rendered":"http:\/\/cbrac.com.br\/?page_id=76"},"modified":"2021-06-15T16:35:01","modified_gmt":"2021-06-15T19:35:01","slug":"arbitragem","status":"publish","type":"page","link":"https:\/\/cbrac.com.br\/index.php\/arbitragem\/","title":{"rendered":"Arbitragem"},"content":{"rendered":"<p>[et_pb_section fb_built=&#8221;1&#8243; fullwidth=&#8221;on&#8221; _builder_version=&#8221;4.9.6&#8243; _module_preset=&#8221;default&#8221;][et_pb_fullwidth_header title=&#8221;ARBITRAGEM&#8221; text_orientation=&#8221;center&#8221; background_overlay_color=&#8221;rgba(0,0,0,0.68)&#8221; _builder_version=&#8221;4.9.6&#8243; _module_preset=&#8221;default&#8221; title_font_size=&#8221;35px&#8221; title_letter_spacing=&#8221;2px&#8221; background_enable_color=&#8221;off&#8221; background_image=&#8221;http:\/\/cbrac.com.br\/wp-content\/uploads\/2021\/06\/arbitragem-img-scaled.jpg&#8221; custom_padding=&#8221;145px||138px|||&#8221; title_text_shadow_style=&#8221;preset1&#8243; title_text_shadow_color=&#8221;#000000&#8243; text_shadow_style=&#8221;preset5&#8243; global_colors_info=&#8221;{%22gcid-4da990d2-3943-4551-bd67-4b5c26049c51%22:%91%93}&#8221;][\/et_pb_fullwidth_header][\/et_pb_section][et_pb_section fb_built=&#8221;1&#8243; _builder_version=&#8221;4.9.6&#8243; _module_preset=&#8221;default&#8221; custom_padding=&#8221;41px|||||&#8221;][et_pb_row _builder_version=&#8221;4.9.6&#8243; _module_preset=&#8221;default&#8221;][et_pb_column type=&#8221;4_4&#8243; _builder_version=&#8221;4.9.6&#8243; _module_preset=&#8221;default&#8221;][et_pb_text _builder_version=&#8221;4.9.6&#8243; _module_preset=&#8221;default&#8221; text_font_size=&#8221;18px&#8221; text_line_height=&#8221;1.5em&#8221;]<\/p>\n<p><span style=\"font-weight: 400;\">A arbitragem \u00e9 um procedimento de <strong>solu\u00e7\u00e3o de conflitos<\/strong> previsto na Lei n\u00ba 9.307\/1996, ou seja, regulado h\u00e1 mais de vinte anos pela legisla\u00e7\u00e3o brasileira. Por meio desse m\u00e9todo, <strong>os envolvidos escolhem uma pessoa ou uma institui\u00e7\u00e3o especializada<\/strong>, como a C\u00c2MARA CNR, para resolver definitivamente a controv\u00e9rsia estabelecida.<\/span><\/p>\n<p><span style=\"font-weight: 400;\">A decis\u00e3o do \u00e1rbitro deve ser proferida, como regra, no prazo de seis meses. Ainda, segundo a Lei, \u201co \u00e1rbitro \u00e9 juiz de fato e de direito, e a senten\u00e7a que proferir n\u00e3o fica sujeita a recurso ou a homologa\u00e7\u00e3o pelo Poder Judici\u00e1rio.\u201d (art. 18).<\/span><\/p>\n<p><span style=\"font-weight: 400;\">Na ARBITRAGEM, <strong>\u00e9 escolhido um \u00c1rbitro ou um Tribunal Arbitral para resolver<\/strong> a disputa, com a supervis\u00e3o e o acompanhamento permanente da <strong>C\u00c2MARA CNR.<\/strong><\/span><\/p>\n<p>[\/et_pb_text][\/et_pb_column][\/et_pb_row][\/et_pb_section]<\/p>\n","protected":false},"excerpt":{"rendered":"<p>[et_pb_section fb_built=&#8221;1&#8243; fullwidth=&#8221;on&#8221; _builder_version=&#8221;4.9.6&#8243; _module_preset=&#8221;default&#8221;][et_pb_fullwidth_header title=&#8221;ARBITRAGEM&#8221; text_orientation=&#8221;center&#8221; background_overlay_color=&#8221;rgba(0,0,0,0.68)&#8221; _builder_version=&#8221;4.9.6&#8243; _module_preset=&#8221;default&#8221; title_font_size=&#8221;35px&#8221; title_letter_spacing=&#8221;2px&#8221; background_enable_color=&#8221;off&#8221; background_image=&#8221;http:\/\/cbrac.com.br\/wp-content\/uploads\/2021\/06\/arbitragem-img-scaled.jpg&#8221; custom_padding=&#8221;145px||138px|||&#8221; title_text_shadow_style=&#8221;preset1&#8243; title_text_shadow_color=&#8221;#000000&#8243; text_shadow_style=&#8221;preset5&#8243; global_colors_info=&#8221;{%22gcid-4da990d2-3943-4551-bd67-4b5c26049c51%22:%91%93}&#8221;][\/et_pb_fullwidth_header][\/et_pb_section][et_pb_section fb_built=&#8221;1&#8243; _builder_version=&#8221;4.9.6&#8243; _module_preset=&#8221;default&#8221; custom_padding=&#8221;41px|||||&#8221;][et_pb_row _builder_version=&#8221;4.9.6&#8243; _module_preset=&#8221;default&#8221;][et_pb_column type=&#8221;4_4&#8243; _builder_version=&#8221;4.9.6&#8243; _module_preset=&#8221;default&#8221;][et_pb_text _builder_version=&#8221;4.9.6&#8243; _module_preset=&#8221;default&#8221; text_font_size=&#8221;18px&#8221; text_line_height=&#8221;1.5em&#8221;] A arbitragem \u00e9 um procedimento de solu\u00e7\u00e3o de conflitos previsto na Lei n\u00ba 9.307\/1996, ou seja, regulado h\u00e1 mais de vinte anos pela [&hellip;]<\/p>\n","protected":false},"author":1,"featured_media":0,"parent":0,"menu_order":0,"comment_status":"closed","ping_status":"closed","template":"","meta":{"_et_pb_use_builder":"on","_et_pb_old_content":"","_et_gb_content_width":"","om_disable_all_campaigns":false,"_monsterinsights_skip_tracking":false,"_monsterinsights_sitenote_active":false,"_monsterinsights_sitenote_note":"","_monsterinsights_sitenote_category":0,"footnotes":""},"class_list":["post-76","page","type-page","status-publish","hentry"],"_links":{"self":[{"href":"https:\/\/cbrac.com.br\/index.php\/wp-json\/wp\/v2\/pages\/76"}],"collection":[{"href":"https:\/\/cbrac.com.br\/index.php\/wp-json\/wp\/v2\/pages"}],"about":[{"href":"https:\/\/cbrac.com.br\/index.php\/wp-json\/wp\/v2\/types\/page"}],"author":[{"embeddable":true,"href":"https:\/\/cbrac.com.br\/index.php\/wp-json\/wp\/v2\/users\/1"}],"replies":[{"embeddable":true,"href":"https:\/\/cbrac.com.br\/index.php\/wp-json\/wp\/v2\/comments?post=76"}],"version-history":[{"count":4,"href":"https:\/\/cbrac.com.br\/index.php\/wp-json\/wp\/v2\/pages\/76\/revisions"}],"predecessor-version":[{"id":218,"href":"https:\/\/cbrac.com.br\/index.php\/wp-json\/wp\/v2\/pages\/76\/revisions\/218"}],"wp:attachment":[{"href":"https:\/\/cbrac.com.br\/index.php\/wp-json\/wp\/v2\/media?parent=76"}],"curies":[{"name":"wp","href":"https:\/\/api.w.org\/{rel}","templated":true}]}}