{"id":83,"date":"2021-06-11T20:34:00","date_gmt":"2021-06-11T23:34:00","guid":{"rendered":"http:\/\/cbrac.com.br\/?page_id=83"},"modified":"2021-06-18T12:01:54","modified_gmt":"2021-06-18T15:01:54","slug":"mediacao","status":"publish","type":"page","link":"https:\/\/cbrac.com.br\/index.php\/mediacao\/","title":{"rendered":"Media\u00e7\u00e3o"},"content":{"rendered":"<p>[et_pb_section fb_built=&#8221;1&#8243; fullwidth=&#8221;on&#8221; _builder_version=&#8221;4.9.6&#8243; _module_preset=&#8221;default&#8221;][et_pb_fullwidth_header title=&#8221;MEDIA\u00c7\u00c3O&#8221; text_orientation=&#8221;center&#8221; background_overlay_color=&#8221;rgba(0,0,0,0.68)&#8221; _builder_version=&#8221;4.9.6&#8243; _module_preset=&#8221;default&#8221; title_font_size=&#8221;35px&#8221; title_letter_spacing=&#8221;2px&#8221; background_enable_color=&#8221;off&#8221; background_image=&#8221;http:\/\/cbrac.com.br\/wp-content\/uploads\/2021\/06\/mediacao-img-scaled.jpg&#8221; custom_padding=&#8221;145px||138px|||&#8221; title_text_shadow_style=&#8221;preset1&#8243; title_text_shadow_color=&#8221;#000000&#8243; text_shadow_style=&#8221;preset5&#8243; global_colors_info=&#8221;{%22gcid-4da990d2-3943-4551-bd67-4b5c26049c51%22:%91%93}&#8221;][\/et_pb_fullwidth_header][\/et_pb_section][et_pb_section fb_built=&#8221;1&#8243; _builder_version=&#8221;4.9.6&#8243; _module_preset=&#8221;default&#8221; custom_padding=&#8221;41px|||||&#8221;][et_pb_row _builder_version=&#8221;4.9.6&#8243; _module_preset=&#8221;default&#8221;][et_pb_column type=&#8221;4_4&#8243; _builder_version=&#8221;4.9.6&#8243; _module_preset=&#8221;default&#8221;][et_pb_text _builder_version=&#8221;4.9.6&#8243; _module_preset=&#8221;default&#8221; text_font_size=&#8221;18px&#8221; text_line_height=&#8221;1.5em&#8221;]<\/p>\n<p><span style=\"font-weight: 400;\">A media\u00e7\u00e3o \u00e9 um procedimento de <strong>solu\u00e7\u00e3o de conflitos<\/strong> em que uma terceira pessoa, \u2013 <strong>imparcial, designada pela C\u00c2MARA<\/strong> \u2013 auxilia os envolvidos a constru\u00edrem uma <strong>solu\u00e7\u00e3o consensual<\/strong> para determinada controv\u00e9rsia.<\/span><\/p>\n<p><span style=\"font-weight: 400;\">Esse procedimento \u00e9 reconhecido pela Lei n\u00ba 13.140\/2015, que atribui valor jur\u00eddico ao acordo celebrado nesses termos (art. 20, par\u00e1grafo \u00fanico). Esse m\u00e9todo mant\u00e9m o <strong>poder de decis\u00e3o final sempre com as partes<\/strong>. A media\u00e7\u00e3o \u00e9 um instrumento fundamental para a cria\u00e7\u00e3o de uma cultura de gest\u00e3o estrat\u00e9gica de conflitos, a partir do desenvolvimento de uma <strong>atitude colaborativa na empresa.<\/strong><\/span><\/p>\n<p><span style=\"font-weight: 400;\"><strong>A CBRAC<\/strong> trabalha com equipes multidisciplinares, envolvendo not\u00e1rios, registradores, juristas, administradores e psic\u00f3logos, designando o melhor profissional para cada situa\u00e7\u00e3o. O trabalho \u00e9 realizado por meio de ciclos, envolvendo quatro horas de media\u00e7\u00e3o, em sess\u00f5es isoladas ou conjuntas.<\/span><\/p>\n<p><span style=\"font-weight: 400;\">Al\u00e9m de realizar media\u00e7\u00e3o extrajudicial, a <strong>CBRAC<\/strong> busca credenciamento para receber processos judiciais encaminhados pelos Tribunais de Justi\u00e7a e Tribunal Superior do Trabalho.<\/span><\/p>\n<p>[\/et_pb_text][\/et_pb_column][\/et_pb_row][et_pb_row _builder_version=&#8221;4.9.6&#8243; _module_preset=&#8221;default&#8221;][et_pb_column _builder_version=&#8221;4.9.6&#8243; _module_preset=&#8221;default&#8221; type=&#8221;4_4&#8243;][et_pb_button button_text=&#8221;Tabela de Valores&#8221; _builder_version=&#8221;4.9.6&#8243; _module_preset=&#8221;default&#8221; button_url=&#8221;http:\/\/cbrac.com.br\/index.php\/mediacao-e-conciliacao-tabela\/&#8221; button_alignment=&#8221;center&#8221; custom_button=&#8221;on&#8221; button_border_width=&#8221;0px&#8221; global_colors_info=&#8221;{%22gcid-4da990d2-3943-4551-bd67-4b5c26049c51%22:%91%22button_bg_color%22%93}&#8221; button_bg_color=&#8221;gcid-4da990d2-3943-4551-bd67-4b5c26049c51&#8243; button_bg_enable_color=&#8221;on&#8221; button_text_color=&#8221;#FFFFFF&#8221; button_font=&#8221;|||on|||||&#8221; custom_css_main_element=&#8221;width:100%;&#8221; hover_enabled=&#8221;0&#8243; sticky_enabled=&#8221;0&#8243;][\/et_pb_button][\/et_pb_column][\/et_pb_row][\/et_pb_section]<\/p>\n","protected":false},"excerpt":{"rendered":"<p>[et_pb_section fb_built=&#8221;1&#8243; fullwidth=&#8221;on&#8221; _builder_version=&#8221;4.9.6&#8243; _module_preset=&#8221;default&#8221;][et_pb_fullwidth_header title=&#8221;MEDIA\u00c7\u00c3O&#8221; text_orientation=&#8221;center&#8221; background_overlay_color=&#8221;rgba(0,0,0,0.68)&#8221; _builder_version=&#8221;4.9.6&#8243; _module_preset=&#8221;default&#8221; title_font_size=&#8221;35px&#8221; title_letter_spacing=&#8221;2px&#8221; background_enable_color=&#8221;off&#8221; background_image=&#8221;http:\/\/cbrac.com.br\/wp-content\/uploads\/2021\/06\/mediacao-img-scaled.jpg&#8221; custom_padding=&#8221;145px||138px|||&#8221; title_text_shadow_style=&#8221;preset1&#8243; title_text_shadow_color=&#8221;#000000&#8243; text_shadow_style=&#8221;preset5&#8243; global_colors_info=&#8221;{%22gcid-4da990d2-3943-4551-bd67-4b5c26049c51%22:%91%93}&#8221;][\/et_pb_fullwidth_header][\/et_pb_section][et_pb_section fb_built=&#8221;1&#8243; _builder_version=&#8221;4.9.6&#8243; _module_preset=&#8221;default&#8221; custom_padding=&#8221;41px|||||&#8221;][et_pb_row _builder_version=&#8221;4.9.6&#8243; _module_preset=&#8221;default&#8221;][et_pb_column type=&#8221;4_4&#8243; _builder_version=&#8221;4.9.6&#8243; _module_preset=&#8221;default&#8221;][et_pb_text _builder_version=&#8221;4.9.6&#8243; _module_preset=&#8221;default&#8221; text_font_size=&#8221;18px&#8221; text_line_height=&#8221;1.5em&#8221;] A media\u00e7\u00e3o \u00e9 um procedimento de solu\u00e7\u00e3o de conflitos em que uma terceira pessoa, \u2013 imparcial, designada pela C\u00c2MARA \u2013 auxilia os envolvidos [&hellip;]<\/p>\n","protected":false},"author":1,"featured_media":0,"parent":0,"menu_order":0,"comment_status":"closed","ping_status":"closed","template":"","meta":{"_et_pb_use_builder":"on","_et_pb_old_content":"","_et_gb_content_width":"","om_disable_all_campaigns":false,"_monsterinsights_skip_tracking":false,"_monsterinsights_sitenote_active":false,"_monsterinsights_sitenote_note":"","_monsterinsights_sitenote_category":0,"footnotes":""},"class_list":["post-83","page","type-page","status-publish","hentry"],"_links":{"self":[{"href":"https:\/\/cbrac.com.br\/index.php\/wp-json\/wp\/v2\/pages\/83"}],"collection":[{"href":"https:\/\/cbrac.com.br\/index.php\/wp-json\/wp\/v2\/pages"}],"about":[{"href":"https:\/\/cbrac.com.br\/index.php\/wp-json\/wp\/v2\/types\/page"}],"author":[{"embeddable":true,"href":"https:\/\/cbrac.com.br\/index.php\/wp-json\/wp\/v2\/users\/1"}],"replies":[{"embeddable":true,"href":"https:\/\/cbrac.com.br\/index.php\/wp-json\/wp\/v2\/comments?post=83"}],"version-history":[{"count":6,"href":"https:\/\/cbrac.com.br\/index.php\/wp-json\/wp\/v2\/pages\/83\/revisions"}],"predecessor-version":[{"id":232,"href":"https:\/\/cbrac.com.br\/index.php\/wp-json\/wp\/v2\/pages\/83\/revisions\/232"}],"wp:attachment":[{"href":"https:\/\/cbrac.com.br\/index.php\/wp-json\/wp\/v2\/media?parent=83"}],"curies":[{"name":"wp","href":"https:\/\/api.w.org\/{rel}","templated":true}]}}