{"id":96,"date":"2021-06-11T20:49:48","date_gmt":"2021-06-11T23:49:48","guid":{"rendered":"http:\/\/cbrac.com.br\/?page_id=96"},"modified":"2021-06-18T12:04:50","modified_gmt":"2021-06-18T15:04:50","slug":"conciliacao","status":"publish","type":"page","link":"https:\/\/cbrac.com.br\/index.php\/conciliacao\/","title":{"rendered":"Concilia\u00e7\u00e3o"},"content":{"rendered":"<p>[et_pb_section fb_built=&#8221;1&#8243; fullwidth=&#8221;on&#8221; _builder_version=&#8221;4.9.6&#8243; _module_preset=&#8221;default&#8221;][et_pb_fullwidth_header title=&#8221;CONCILIA\u00c7\u00c3O&#8221; text_orientation=&#8221;center&#8221; background_overlay_color=&#8221;rgba(0,0,0,0.68)&#8221; _builder_version=&#8221;4.9.6&#8243; _module_preset=&#8221;default&#8221; title_font_size=&#8221;35px&#8221; title_letter_spacing=&#8221;2px&#8221; background_enable_color=&#8221;off&#8221; background_image=&#8221;http:\/\/cbrac.com.br\/wp-content\/uploads\/2021\/06\/conciliacao-img-scaled.jpg&#8221; custom_padding=&#8221;220px||170px|||&#8221; title_text_shadow_style=&#8221;preset1&#8243; title_text_shadow_color=&#8221;#000000&#8243; text_shadow_style=&#8221;preset5&#8243; global_colors_info=&#8221;{%22gcid-4da990d2-3943-4551-bd67-4b5c26049c51%22:%91%93}&#8221;][\/et_pb_fullwidth_header][\/et_pb_section][et_pb_section fb_built=&#8221;1&#8243; _builder_version=&#8221;4.9.6&#8243; _module_preset=&#8221;default&#8221; custom_padding=&#8221;31px|||||&#8221;][et_pb_row _builder_version=&#8221;4.9.6&#8243; _module_preset=&#8221;default&#8221;][et_pb_column type=&#8221;4_4&#8243; _builder_version=&#8221;4.9.6&#8243; _module_preset=&#8221;default&#8221;][et_pb_text _builder_version=&#8221;4.9.6&#8243; _module_preset=&#8221;default&#8221; text_font_size=&#8221;18px&#8221; text_line_height=&#8221;1.5em&#8221;]<\/p>\n<p><span style=\"font-weight: 400;\">Concilia\u00e7\u00e3o \u00e9 uma <strong>conversa\/negocia\u00e7\u00e3o<\/strong> que conta com a participa\u00e7\u00e3o de uma pessoa imparcial para favorecer o di\u00e1logo e, se necess\u00e1rio, <strong>apresentar ideias para a solu\u00e7\u00e3o do conflito.<\/strong> Na Concilia\u00e7\u00e3o, ao contr\u00e1rio da Media\u00e7\u00e3o, o terceiro facilitador da conversa <strong>interfere de forma direta, no litigio<\/strong>, e pode chegar a sugerir op\u00e7\u00f5es de solu\u00e7\u00e3o para o conflito.<\/span><\/p>\n<p>[\/et_pb_text][\/et_pb_column][\/et_pb_row][et_pb_row _builder_version=&#8221;4.9.6&#8243; _module_preset=&#8221;default&#8221;][et_pb_column _builder_version=&#8221;4.9.6&#8243; _module_preset=&#8221;default&#8221; type=&#8221;4_4&#8243;][et_pb_button button_text=&#8221;Tabela de Valores&#8221; _builder_version=&#8221;4.9.6&#8243; _module_preset=&#8221;default&#8221; button_alignment=&#8221;center&#8221; custom_button=&#8221;on&#8221; button_text_color=&#8221;#FFFFFF&#8221; global_colors_info=&#8221;{%22gcid-4da990d2-3943-4551-bd67-4b5c26049c51%22:%91%22button_bg_color%22%93}&#8221; button_bg_color=&#8221;gcid-4da990d2-3943-4551-bd67-4b5c26049c51&#8243; button_bg_enable_color=&#8221;on&#8221; button_border_width=&#8221;0px&#8221; button_url=&#8221;http:\/\/cbrac.com.br\/index.php\/mediacao-e-conciliacao-tabela\/&#8221; custom_css_main_element=&#8221;width:100%;&#8221; hover_enabled=&#8221;0&#8243; sticky_enabled=&#8221;0&#8243;][\/et_pb_button][\/et_pb_column][\/et_pb_row][\/et_pb_section]<\/p>\n","protected":false},"excerpt":{"rendered":"<p>[et_pb_section fb_built=&#8221;1&#8243; fullwidth=&#8221;on&#8221; _builder_version=&#8221;4.9.6&#8243; _module_preset=&#8221;default&#8221;][et_pb_fullwidth_header title=&#8221;CONCILIA\u00c7\u00c3O&#8221; text_orientation=&#8221;center&#8221; background_overlay_color=&#8221;rgba(0,0,0,0.68)&#8221; _builder_version=&#8221;4.9.6&#8243; _module_preset=&#8221;default&#8221; title_font_size=&#8221;35px&#8221; title_letter_spacing=&#8221;2px&#8221; background_enable_color=&#8221;off&#8221; background_image=&#8221;http:\/\/cbrac.com.br\/wp-content\/uploads\/2021\/06\/conciliacao-img-scaled.jpg&#8221; custom_padding=&#8221;220px||170px|||&#8221; title_text_shadow_style=&#8221;preset1&#8243; title_text_shadow_color=&#8221;#000000&#8243; text_shadow_style=&#8221;preset5&#8243; global_colors_info=&#8221;{%22gcid-4da990d2-3943-4551-bd67-4b5c26049c51%22:%91%93}&#8221;][\/et_pb_fullwidth_header][\/et_pb_section][et_pb_section fb_built=&#8221;1&#8243; _builder_version=&#8221;4.9.6&#8243; _module_preset=&#8221;default&#8221; custom_padding=&#8221;31px|||||&#8221;][et_pb_row _builder_version=&#8221;4.9.6&#8243; _module_preset=&#8221;default&#8221;][et_pb_column type=&#8221;4_4&#8243; _builder_version=&#8221;4.9.6&#8243; _module_preset=&#8221;default&#8221;][et_pb_text _builder_version=&#8221;4.9.6&#8243; _module_preset=&#8221;default&#8221; text_font_size=&#8221;18px&#8221; text_line_height=&#8221;1.5em&#8221;] Concilia\u00e7\u00e3o \u00e9 uma conversa\/negocia\u00e7\u00e3o que conta com a participa\u00e7\u00e3o de uma pessoa imparcial para favorecer o di\u00e1logo e, se necess\u00e1rio, apresentar ideias para [&hellip;]<\/p>\n","protected":false},"author":1,"featured_media":0,"parent":0,"menu_order":0,"comment_status":"closed","ping_status":"closed","template":"","meta":{"_et_pb_use_builder":"on","_et_pb_old_content":"","_et_gb_content_width":"","om_disable_all_campaigns":false,"_monsterinsights_skip_tracking":false,"_monsterinsights_sitenote_active":false,"_monsterinsights_sitenote_note":"","_monsterinsights_sitenote_category":0,"footnotes":""},"class_list":["post-96","page","type-page","status-publish","hentry"],"_links":{"self":[{"href":"https:\/\/cbrac.com.br\/index.php\/wp-json\/wp\/v2\/pages\/96"}],"collection":[{"href":"https:\/\/cbrac.com.br\/index.php\/wp-json\/wp\/v2\/pages"}],"about":[{"href":"https:\/\/cbrac.com.br\/index.php\/wp-json\/wp\/v2\/types\/page"}],"author":[{"embeddable":true,"href":"https:\/\/cbrac.com.br\/index.php\/wp-json\/wp\/v2\/users\/1"}],"replies":[{"embeddable":true,"href":"https:\/\/cbrac.com.br\/index.php\/wp-json\/wp\/v2\/comments?post=96"}],"version-history":[{"count":4,"href":"https:\/\/cbrac.com.br\/index.php\/wp-json\/wp\/v2\/pages\/96\/revisions"}],"predecessor-version":[{"id":233,"href":"https:\/\/cbrac.com.br\/index.php\/wp-json\/wp\/v2\/pages\/96\/revisions\/233"}],"wp:attachment":[{"href":"https:\/\/cbrac.com.br\/index.php\/wp-json\/wp\/v2\/media?parent=96"}],"curies":[{"name":"wp","href":"https:\/\/api.w.org\/{rel}","templated":true}]}}